{"id":4841,"date":"2025-09-03T16:55:10","date_gmt":"2025-09-03T14:55:10","guid":{"rendered":"https:\/\/alexanderkonopka.de\/blog\/?page_id=4841"},"modified":"2026-04-02T19:04:53","modified_gmt":"2026-04-02T17:04:53","slug":"impressum_datenschutz","status":"publish","type":"page","link":"https:\/\/alexanderkonopka.de\/blog\/impressum_datenschutz\/","title":{"rendered":"Impressum und Datenschutzerkl\u00e4rung"},"content":{"rendered":"\n<p>f\u00fcr die Seiten tfp-fotograf.de, soest-fotograf.de und alexanderkonopka.de<\/p>\n\n\n\n<h2 class=\"wp-block-heading\">ANGABEN GEM\u00c4\u00df \u00a7 5 TMG:<\/h2>\n\n\n\n<p>Alexander Konopka<br>Jakobistr. 25<br>59494 Soest<\/p>\n\n\n\n<h2 class=\"wp-block-heading\">KONTAKT:<\/h2>\n\n\n\n<p>Telefon: 02921-9813197<\/p>\n\n\n\n<p>E-Mail: info@AlexanderKonopka.de<\/p>\n\n\n\n<h2 class=\"wp-block-heading\">Verantwortlich f\u00fcr den Inhalt nach \u00a7 18 Abs. 2 MStV:<\/h2>\n\n\n\n<p>Alexander Konopka<br>Jakobistr. 25<br>59494 Soest<\/p>\n\n\n\n<p>Quelle:&nbsp;<em><a href=\"https:\/\/www.e-recht24.de\/\">eRecht24<\/a><\/em><\/p>\n\n\n\n<h2 class=\"wp-block-heading\">HAFTUNGSAUSSCHLUSS (DISCLAIMER)<\/h2>\n\n\n\n<p><strong>Haftung f\u00fcr Inhalte<\/strong><\/p>\n\n\n\n<p>Als Diensteanbieter sind wir gem\u00e4\u00df \u00a7 7 Abs. 1 TMG f\u00fcr eigene Inhalte auf diesen Seiten nach den allgemeinen Gesetzen verantwortlich. Nach \u00a7\u00a7 8 bis 10 TMG sind wir als Diensteanbieter jedoch nicht verpflichtet, \u00fcbermittelte oder gespeicherte fremde Informationen zu \u00fcberwachen oder nach Umst\u00e4nden zu forschen, die auf eine rechtswidrige T\u00e4tigkeit hinweisen. Verpflichtungen zur Entfernung oder Sperrung der Nutzung von Informationen nach den allgemeinen Gesetzen bleiben hiervon unber\u00fchrt. Eine diesbez\u00fcgliche Haftung ist jedoch erst ab dem Zeitpunkt der Kenntnis einer konkreten Rechtsverletzung m\u00f6glich. Bei Bekanntwerden von entsprechenden Rechtsverletzungen werden wir diese Inhalte umgehend entfernen.<\/p>\n\n\n\n<p><strong>Haftung f\u00fcr Links<\/strong><\/p>\n\n\n\n<p>Unser Angebot enth\u00e4lt Links zu externen Webseiten Dritter, auf deren Inhalte wir keinen Einfluss haben. Deshalb k\u00f6nnen wir f\u00fcr diese fremden Inhalte auch keine Gew\u00e4hr \u00fcbernehmen. F\u00fcr die Inhalte der verlinkten Seiten ist stets der jeweilige Anbieter oder Betreiber der Seiten verantwortlich. Die verlinkten Seiten wurden zum Zeitpunkt der Verlinkung auf m\u00f6gliche Rechtsverst\u00f6\u00dfe \u00fcberpr\u00fcft. Rechtswidrige Inhalte waren zum Zeitpunkt der Verlinkung nicht erkennbar. Eine permanente inhaltliche Kontrolle der verlinkten Seiten ist jedoch ohne konkrete Anhaltspunkte einer Rechtsverletzung nicht zumutbar. Bei Bekanntwerden von Rechtsverletzungen werden wir derartige Links umgehend entfernen.<\/p>\n\n\n\n<p><strong>Urheberrecht<\/strong><\/p>\n\n\n\n<p>Die durch die Seitenbetreiber erstellten Inhalte und Werke auf diesen Seiten unterliegen dem deutschen Urheberrecht. Die Vervielf\u00e4ltigung, Bearbeitung, Verbreitung und jede Art der Verwertung au\u00dferhalb der Grenzen des Urheberrechtes bed\u00fcrfen der schriftlichen Zustimmung des jeweiligen Autors bzw. Erstellers. Downloads und Kopien dieser Seite sind nur f\u00fcr den privaten, nicht kommerziellen Gebrauch gestattet. Soweit die Inhalte auf dieser Seite nicht vom Betreiber erstellt wurden, werden die Urheberrechte Dritter beachtet. Insbesondere werden Inhalte Dritter als solche gekennzeichnet. Sollten Sie trotzdem auf eine Urheberrechtsverletzung aufmerksam werden, bitten wir um einen entsprechenden Hinweis. Bei Bekanntwerden von Rechtsverletzungen werden wir derartige Inhalte umgehend entfernen.<a><\/a><\/p>\n\n\n\n<h2 class=\"wp-block-heading\">DATENSCHUTZERKL\u00c4RUNG:<\/h2>\n\n\n\n<p>f\u00fcr die beiden Seiten soest-fotograf.de und alexanderkonopka.de<\/p>\n\n\n\n<p><strong>Datenschutz<\/strong><\/p>\n\n\n\n<p>Die Betreiber dieser Seiten nehmen den Schutz Ihrer pers\u00f6nlichen Daten sehr ernst. Wir behandeln Ihre personenbezogenen Daten vertraulich und entsprechend der gesetzlichen Datenschutzvorschriften sowie dieser Datenschutzerkl\u00e4rung.<\/p>\n\n\n\n<p>Die Nutzung unserer Webseite ist in der Regel ohne Angabe personenbezogener Daten m\u00f6glich. Soweit auf unseren Seiten personenbezogene Daten (beispielsweise Name, Anschrift oder E-Mail-Adressen) erhoben werden, erfolgt dies, soweit m\u00f6glich, stets auf freiwilliger Basis. Diese Daten werden ohne Ihre ausdr\u00fcckliche Zustimmung nicht an Dritte weitergegeben.<\/p>\n\n\n\n<p>Wir weisen darauf hin, dass die Daten\u00fcbertragung im Internet (z. B. bei der Kommunikation per E-Mail) Sicherheitsl\u00fccken aufweisen kann. Ein l\u00fcckenloser Schutz der Daten vor dem Zugriff durch Dritte ist nicht m\u00f6glich.<\/p>\n\n\n\n<p><strong>SSL-Verschl\u00fcsselung<\/strong><\/p>\n\n\n\n<p>Diese Seite nutzt aus Gr\u00fcnden der Sicherheit und zum Schutz der \u00dcbertragung vertraulicher Inhalte, wie zum Beispiel der Anfragen, die Sie an uns als Seitenbetreiber senden, eine SSL-Verschl\u00fcsselung. Eine verschl\u00fcsselte Verbindung erkennen Sie daran, dass die Adresszeile des Browsers von &#8222;http:\/\/&#8220; auf &#8222;https:\/\/&#8220; wechselt und an dem Schloss-Symbol in Ihrer Browserzeile.<\/p>\n\n\n\n<p>Wenn die SSL-Verschl\u00fcsselung aktiviert ist, k\u00f6nnen die Daten, die Sie an uns \u00fcbermitteln, nicht von Dritten mitgelesen werden.<\/p>\n\n\n\n<p><strong>Widerspruch Werbe-Mails<\/strong><\/p>\n\n\n\n<p>Der Nutzung von im Rahmen der Impressumspflicht ver\u00f6ffentlichten Kontaktdaten zur \u00dcbersendung von nicht ausdr\u00fccklich angeforderter Werbung und Informationsmaterialien wird hiermit widersprochen. Die Betreiber der Seiten behalten sich ausdr\u00fccklich rechtliche Schritte im Falle der unverlangten Zusendung von Werbeinformationen, etwa durch Spam-E-Mails, vor.<\/p>\n\n\n\n<p><strong>Auskunft, L\u00f6schung, Sperrung<\/strong><\/p>\n\n\n\n<p>Sie haben jederzeit das Recht auf unentgeltliche Auskunft \u00fcber Ihre gespeicherten personenbezogenen Daten, deren Herkunft und Empf\u00e4nger und den Zweck der Datenverarbeitung sowie ein Recht auf Berichtigung, Sperrung oder L\u00f6schung dieser Daten. Hierzu sowie zu weiteren Fragen zum Thema personenbezogene Daten k\u00f6nnen Sie sich jederzeit unter der im Impressum angegebenen Adresse an uns wenden.<\/p>\n","protected":false},"excerpt":{"rendered":"<p>f\u00fcr die Seiten tfp-fotograf.de, soest-fotograf.de und alexanderkonopka.de ANGABEN GEM\u00c4\u00df \u00a7 5 TMG: Alexander KonopkaJakobistr. 2559494 Soest KONTAKT: Telefon: 02921-9813197 E-Mail: info@AlexanderKonopka.de Verantwortlich f\u00fcr den Inhalt nach \u00a7 18 Abs. 2 MStV: Alexander KonopkaJakobistr. 2559494 Soest Quelle:&nbsp;eRecht24 HAFTUNGSAUSSCHLUSS (DISCLAIMER) Haftung f\u00fcr Inhalte Als Diensteanbieter sind wir gem\u00e4\u00df \u00a7 7 Abs. 1 TMG f\u00fcr eigene Inhalte auf <a href=\"https:\/\/alexanderkonopka.de\/blog\/impressum_datenschutz\/\" class=\"more-link\">&#8230;<\/a><\/p>\n","protected":false},"author":1,"featured_media":0,"parent":0,"menu_order":0,"comment_status":"closed","ping_status":"closed","template":"","meta":{"footnotes":""},"class_list":["post-4841","page","type-page","status-publish","hentry"],"yoast_head":"<!-- This site is optimized with the Yoast SEO plugin v27.3 - https:\/\/yoast.com\/product\/yoast-seo-wordpress\/ -->\n<title>Impressum \u2013 Alexander Konopka Fotograf<\/title>\n<meta name=\"description\" content=\"Impressum: Fotograf Alexander Konopka, Jakobistr. 25, 59494 Soest; NRW; Germany; +49-2921-9814610; info@AlexanderKonopka.de\" \/>\n<meta name=\"robots\" content=\"index, follow, max-snippet:-1, max-image-preview:large, max-video-preview:-1\" \/>\n<link rel=\"canonical\" href=\"https:\/\/alexanderkonopka.de\/blog\/impressum_datenschutz\/\" \/>\n<meta property=\"og:locale\" content=\"de_DE\" \/>\n<meta property=\"og:type\" content=\"article\" \/>\n<meta property=\"og:title\" content=\"Impressum \u2013 Alexander Konopka Fotograf\" \/>\n<meta property=\"og:description\" content=\"Impressum: Fotograf Alexander Konopka, Jakobistr. 25, 59494 Soest; NRW; Germany; +49-2921-9814610; info@AlexanderKonopka.de\" \/>\n<meta property=\"og:url\" content=\"https:\/\/alexanderkonopka.de\/blog\/impressum_datenschutz\/\" \/>\n<meta property=\"og:site_name\" content=\"Blog\" \/>\n<meta property=\"article:modified_time\" content=\"2026-04-02T17:04:53+00:00\" \/>\n<meta name=\"twitter:card\" content=\"summary_large_image\" \/>\n<meta name=\"twitter:label1\" content=\"Gesch\u00e4tzte Lesezeit\" \/>\n\t<meta name=\"twitter:data1\" content=\"4\u00a0Minuten\" \/>\n<script type=\"application\/ld+json\" class=\"yoast-schema-graph\">{\"@context\":\"https:\\\/\\\/schema.org\",\"@graph\":[{\"@type\":\"WebPage\",\"@id\":\"https:\\\/\\\/alexanderkonopka.de\\\/blog\\\/impressum_datenschutz\\\/\",\"url\":\"https:\\\/\\\/alexanderkonopka.de\\\/blog\\\/impressum_datenschutz\\\/\",\"name\":\"Impressum \u2013 Alexander Konopka Fotograf\",\"isPartOf\":{\"@id\":\"https:\\\/\\\/alexanderkonopka.de\\\/blog\\\/#website\"},\"datePublished\":\"2025-09-03T14:55:10+00:00\",\"dateModified\":\"2026-04-02T17:04:53+00:00\",\"description\":\"Impressum: Fotograf Alexander Konopka, Jakobistr. 25, 59494 Soest; NRW; Germany; +49-2921-9814610; info@AlexanderKonopka.de\",\"breadcrumb\":{\"@id\":\"https:\\\/\\\/alexanderkonopka.de\\\/blog\\\/impressum_datenschutz\\\/#breadcrumb\"},\"inLanguage\":\"de\",\"potentialAction\":[{\"@type\":\"ReadAction\",\"target\":[\"https:\\\/\\\/alexanderkonopka.de\\\/blog\\\/impressum_datenschutz\\\/\"]}]},{\"@type\":\"BreadcrumbList\",\"@id\":\"https:\\\/\\\/alexanderkonopka.de\\\/blog\\\/impressum_datenschutz\\\/#breadcrumb\",\"itemListElement\":[{\"@type\":\"ListItem\",\"position\":1,\"name\":\"Startseite\",\"item\":\"https:\\\/\\\/alexanderkonopka.de\\\/blog\\\/\"},{\"@type\":\"ListItem\",\"position\":2,\"name\":\"Impressum und Datenschutzerkl\u00e4rung\"}]},{\"@type\":\"WebSite\",\"@id\":\"https:\\\/\\\/alexanderkonopka.de\\\/blog\\\/#website\",\"url\":\"https:\\\/\\\/alexanderkonopka.de\\\/blog\\\/\",\"name\":\"Alexander Konopka Fotografie\",\"description\":\"\",\"potentialAction\":[{\"@type\":\"SearchAction\",\"target\":{\"@type\":\"EntryPoint\",\"urlTemplate\":\"https:\\\/\\\/alexanderkonopka.de\\\/blog\\\/?s={search_term_string}\"},\"query-input\":{\"@type\":\"PropertyValueSpecification\",\"valueRequired\":true,\"valueName\":\"search_term_string\"}}],\"inLanguage\":\"de\"}]}<\/script>\n<!-- \/ Yoast SEO plugin. -->","yoast_head_json":{"title":"Impressum \u2013 Alexander Konopka Fotograf","description":"Impressum: Fotograf Alexander Konopka, Jakobistr. 25, 59494 Soest; NRW; Germany; +49-2921-9814610; info@AlexanderKonopka.de","robots":{"index":"index","follow":"follow","max-snippet":"max-snippet:-1","max-image-preview":"max-image-preview:large","max-video-preview":"max-video-preview:-1"},"canonical":"https:\/\/alexanderkonopka.de\/blog\/impressum_datenschutz\/","og_locale":"de_DE","og_type":"article","og_title":"Impressum \u2013 Alexander Konopka Fotograf","og_description":"Impressum: Fotograf Alexander Konopka, Jakobistr. 25, 59494 Soest; NRW; Germany; +49-2921-9814610; info@AlexanderKonopka.de","og_url":"https:\/\/alexanderkonopka.de\/blog\/impressum_datenschutz\/","og_site_name":"Blog","article_modified_time":"2026-04-02T17:04:53+00:00","twitter_card":"summary_large_image","twitter_misc":{"Gesch\u00e4tzte Lesezeit":"4\u00a0Minuten"},"schema":{"@context":"https:\/\/schema.org","@graph":[{"@type":"WebPage","@id":"https:\/\/alexanderkonopka.de\/blog\/impressum_datenschutz\/","url":"https:\/\/alexanderkonopka.de\/blog\/impressum_datenschutz\/","name":"Impressum \u2013 Alexander Konopka Fotograf","isPartOf":{"@id":"https:\/\/alexanderkonopka.de\/blog\/#website"},"datePublished":"2025-09-03T14:55:10+00:00","dateModified":"2026-04-02T17:04:53+00:00","description":"Impressum: Fotograf Alexander Konopka, Jakobistr. 25, 59494 Soest; NRW; Germany; +49-2921-9814610; info@AlexanderKonopka.de","breadcrumb":{"@id":"https:\/\/alexanderkonopka.de\/blog\/impressum_datenschutz\/#breadcrumb"},"inLanguage":"de","potentialAction":[{"@type":"ReadAction","target":["https:\/\/alexanderkonopka.de\/blog\/impressum_datenschutz\/"]}]},{"@type":"BreadcrumbList","@id":"https:\/\/alexanderkonopka.de\/blog\/impressum_datenschutz\/#breadcrumb","itemListElement":[{"@type":"ListItem","position":1,"name":"Startseite","item":"https:\/\/alexanderkonopka.de\/blog\/"},{"@type":"ListItem","position":2,"name":"Impressum und Datenschutzerkl\u00e4rung"}]},{"@type":"WebSite","@id":"https:\/\/alexanderkonopka.de\/blog\/#website","url":"https:\/\/alexanderkonopka.de\/blog\/","name":"Alexander Konopka Fotografie","description":"","potentialAction":[{"@type":"SearchAction","target":{"@type":"EntryPoint","urlTemplate":"https:\/\/alexanderkonopka.de\/blog\/?s={search_term_string}"},"query-input":{"@type":"PropertyValueSpecification","valueRequired":true,"valueName":"search_term_string"}}],"inLanguage":"de"}]}},"_links":{"self":[{"href":"https:\/\/alexanderkonopka.de\/blog\/wp-json\/wp\/v2\/pages\/4841","targetHints":{"allow":["GET"]}}],"collection":[{"href":"https:\/\/alexanderkonopka.de\/blog\/wp-json\/wp\/v2\/pages"}],"about":[{"href":"https:\/\/alexanderkonopka.de\/blog\/wp-json\/wp\/v2\/types\/page"}],"author":[{"embeddable":true,"href":"https:\/\/alexanderkonopka.de\/blog\/wp-json\/wp\/v2\/users\/1"}],"replies":[{"embeddable":true,"href":"https:\/\/alexanderkonopka.de\/blog\/wp-json\/wp\/v2\/comments?post=4841"}],"version-history":[{"count":4,"href":"https:\/\/alexanderkonopka.de\/blog\/wp-json\/wp\/v2\/pages\/4841\/revisions"}],"predecessor-version":[{"id":5870,"href":"https:\/\/alexanderkonopka.de\/blog\/wp-json\/wp\/v2\/pages\/4841\/revisions\/5870"}],"wp:attachment":[{"href":"https:\/\/alexanderkonopka.de\/blog\/wp-json\/wp\/v2\/media?parent=4841"}],"curies":[{"name":"wp","href":"https:\/\/api.w.org\/{rel}","templated":true}]}}