{"id":3975,"date":"2024-01-15T12:28:34","date_gmt":"2024-01-15T11:28:34","guid":{"rendered":"https:\/\/alexanderkonopka.de\/blog\/?page_id=3975"},"modified":"2026-03-31T01:15:35","modified_gmt":"2026-03-30T23:15:35","slug":"galerie-auto","status":"publish","type":"page","link":"https:\/\/alexanderkonopka.de\/blog\/galerie-auto\/","title":{"rendered":"Automobil-Fotografie: Leidenschaft f\u00fcr Design &amp; Technik"},"content":{"rendered":"\n<p>Fahrzeuge sind weit mehr als nur Fortbewegungsmittel \u2013 sie sind Ausdruck von Charakter, Ingenieurskunst und zeitlosem Design. In meiner Fotografie konzentriere ich mich darauf, die Linienf\u00fchrung, die Details und die Seele besonderer Automobile einzufangen. Ob gl\u00e4nzender Lack unter Studiolicht oder authentische Aufnahmen in urbaner Kulisse: Das Ziel ist immer ein Bild, das die Begeisterung f\u00fcr Technik sp\u00fcrbar macht.<br><\/p>\n\n\n\n<figure class=\"wp-block-gallery has-nested-images columns-4 is-cropped wp-block-gallery-1 is-layout-flex wp-block-gallery-is-layout-flex\">\n<figure class=\"wp-block-image size-bild_400\"><a href=\"https:\/\/alexanderkonopka.de\/blog\/wp-content\/uploads\/Gangsterbraut.webp\"><img loading=\"lazy\" decoding=\"async\" width=\"400\" height=\"400\" data-id=\"4162\" src=\"https:\/\/alexanderkonopka.de\/blog\/wp-content\/uploads\/Gangsterbraut-400x400.webp\" alt=\"Erotikshooting in Soest mit Frau in Netzstr\u00fcmpfen, die im Fahrzeuginnenraum mit ausgestreckten Beinen auf dem Beifahrersitz liegt und eine Pistole h\u00e4lt\" class=\"wp-image-4162\" srcset=\"https:\/\/alexanderkonopka.de\/blog\/wp-content\/uploads\/Gangsterbraut-400x400.webp 400w, https:\/\/alexanderkonopka.de\/blog\/wp-content\/uploads\/Gangsterbraut-500x500.webp 500w, https:\/\/alexanderkonopka.de\/blog\/wp-content\/uploads\/Gangsterbraut-150x150.webp 150w, https:\/\/alexanderkonopka.de\/blog\/wp-content\/uploads\/Gangsterbraut-200x200.webp 200w, https:\/\/alexanderkonopka.de\/blog\/wp-content\/uploads\/Gangsterbraut-300x300.webp 300w, https:\/\/alexanderkonopka.de\/blog\/wp-content\/uploads\/Gangsterbraut-700x700.webp 700w\" sizes=\"auto, (max-width: 400px) 100vw, 400px\" \/><\/a><\/figure>\n\n\n\n<figure class=\"wp-block-image size-bild_400\"><a href=\"https:\/\/alexanderkonopka.de\/blog\/wp-content\/uploads\/Aschekatze_0027-v02.webp\"><img loading=\"lazy\" decoding=\"async\" width=\"400\" height=\"400\" data-id=\"4232\" src=\"https:\/\/alexanderkonopka.de\/blog\/wp-content\/uploads\/Aschekatze_0027-v02-400x400.webp\" alt=\"Jinx mit blauen Z\u00f6pfen, schwarzem Oberteil und lila-wei\u00df gestreifter Hose sitzt auf einem rostigen Auto vor einem Zelt.\" class=\"wp-image-4232\" srcset=\"https:\/\/alexanderkonopka.de\/blog\/wp-content\/uploads\/Aschekatze_0027-v02-400x400.webp 400w, https:\/\/alexanderkonopka.de\/blog\/wp-content\/uploads\/Aschekatze_0027-v02-500x500.webp 500w, https:\/\/alexanderkonopka.de\/blog\/wp-content\/uploads\/Aschekatze_0027-v02-150x150.webp 150w, https:\/\/alexanderkonopka.de\/blog\/wp-content\/uploads\/Aschekatze_0027-v02-300x300.webp 300w, https:\/\/alexanderkonopka.de\/blog\/wp-content\/uploads\/Aschekatze_0027-v02-200x200.webp 200w, https:\/\/alexanderkonopka.de\/blog\/wp-content\/uploads\/Aschekatze_0027-v02-700x700.webp 700w, https:\/\/alexanderkonopka.de\/blog\/wp-content\/uploads\/Aschekatze_0027-v02.webp 1080w\" sizes=\"auto, (max-width: 400px) 100vw, 400px\" \/><\/a><\/figure>\n\n\n\n<figure class=\"wp-block-image size-bild_400\"><a href=\"https:\/\/alexanderkonopka.de\/blog\/wp-content\/uploads\/Red_Truck.webp\"><img loading=\"lazy\" decoding=\"async\" width=\"400\" height=\"400\" data-id=\"4373\" src=\"https:\/\/alexanderkonopka.de\/blog\/wp-content\/uploads\/Red_Truck-400x400.webp\" alt=\"Roter Umzugswagen mit gro\u00dfem wei\u00dfen Schriftzug \u201eAL SMITH moving\u201c auf der Seite, geparkt vor beleuchtetem Gesch\u00e4ftsgeb\u00e4ude bei Nacht\" class=\"wp-image-4373\" srcset=\"https:\/\/alexanderkonopka.de\/blog\/wp-content\/uploads\/Red_Truck-400x400.webp 400w, https:\/\/alexanderkonopka.de\/blog\/wp-content\/uploads\/Red_Truck-500x500.webp 500w, https:\/\/alexanderkonopka.de\/blog\/wp-content\/uploads\/Red_Truck-150x150.webp 150w, https:\/\/alexanderkonopka.de\/blog\/wp-content\/uploads\/Red_Truck-200x200.webp 200w, https:\/\/alexanderkonopka.de\/blog\/wp-content\/uploads\/Red_Truck-300x300.webp 300w, https:\/\/alexanderkonopka.de\/blog\/wp-content\/uploads\/Red_Truck-700x700.webp 700w\" sizes=\"auto, (max-width: 400px) 100vw, 400px\" \/><\/a><\/figure>\n\n\n\n<figure class=\"wp-block-image size-bild_400\"><a href=\"https:\/\/alexanderkonopka.de\/blog\/wp-content\/uploads\/Mark_Lewandowski_0241-Bearbeitet.webp\"><img loading=\"lazy\" decoding=\"async\" width=\"400\" height=\"400\" data-id=\"4274\" src=\"https:\/\/alexanderkonopka.de\/blog\/wp-content\/uploads\/Mark_Lewandowski_0241-Bearbeitet-400x400.webp\" alt=\"L\u00e4chelnder Mann am Steuer eines Autos mit offenem Fenster, entspannte K\u00f6rperhaltung, legeres Hemd\" class=\"wp-image-4274\" srcset=\"https:\/\/alexanderkonopka.de\/blog\/wp-content\/uploads\/Mark_Lewandowski_0241-Bearbeitet-400x400.webp 400w, https:\/\/alexanderkonopka.de\/blog\/wp-content\/uploads\/Mark_Lewandowski_0241-Bearbeitet-500x500.webp 500w, https:\/\/alexanderkonopka.de\/blog\/wp-content\/uploads\/Mark_Lewandowski_0241-Bearbeitet-150x150.webp 150w, https:\/\/alexanderkonopka.de\/blog\/wp-content\/uploads\/Mark_Lewandowski_0241-Bearbeitet-300x300.webp 300w, https:\/\/alexanderkonopka.de\/blog\/wp-content\/uploads\/Mark_Lewandowski_0241-Bearbeitet-200x200.webp 200w, https:\/\/alexanderkonopka.de\/blog\/wp-content\/uploads\/Mark_Lewandowski_0241-Bearbeitet-700x700.webp 700w, https:\/\/alexanderkonopka.de\/blog\/wp-content\/uploads\/Mark_Lewandowski_0241-Bearbeitet.webp 1080w\" sizes=\"auto, (max-width: 400px) 100vw, 400px\" \/><\/a><\/figure>\n\n\n\n<figure class=\"wp-block-image size-bild_400\"><a href=\"https:\/\/alexanderkonopka.de\/blog\/wp-content\/uploads\/Heinkel-Roller_0017.webp\"><img loading=\"lazy\" decoding=\"async\" width=\"400\" height=\"400\" data-id=\"4248\" src=\"https:\/\/alexanderkonopka.de\/blog\/wp-content\/uploads\/Heinkel-Roller_0017-400x400.webp\" alt=\"Klassischer Heinkel-Roller im Retrostil, seitlich fotografiert, auf einer Wiese vor historischem Mauerrest in Lippstadt\" class=\"wp-image-4248\" srcset=\"https:\/\/alexanderkonopka.de\/blog\/wp-content\/uploads\/Heinkel-Roller_0017-400x400.webp 400w, https:\/\/alexanderkonopka.de\/blog\/wp-content\/uploads\/Heinkel-Roller_0017-500x500.webp 500w, https:\/\/alexanderkonopka.de\/blog\/wp-content\/uploads\/Heinkel-Roller_0017-150x150.webp 150w, https:\/\/alexanderkonopka.de\/blog\/wp-content\/uploads\/Heinkel-Roller_0017-300x300.webp 300w, https:\/\/alexanderkonopka.de\/blog\/wp-content\/uploads\/Heinkel-Roller_0017-200x200.webp 200w, https:\/\/alexanderkonopka.de\/blog\/wp-content\/uploads\/Heinkel-Roller_0017-700x700.webp 700w, https:\/\/alexanderkonopka.de\/blog\/wp-content\/uploads\/Heinkel-Roller_0017.webp 1080w\" sizes=\"auto, (max-width: 400px) 100vw, 400px\" \/><\/a><\/figure>\n\n\n\n<figure class=\"wp-block-image size-bild_400\"><a href=\"https:\/\/alexanderkonopka.de\/blog\/wp-content\/uploads\/Jessica_Hild_0241-ps.webp\"><img loading=\"lazy\" decoding=\"async\" width=\"400\" height=\"400\" data-id=\"4298\" src=\"https:\/\/alexanderkonopka.de\/blog\/wp-content\/uploads\/Jessica_Hild_0241-ps-400x400.webp\" alt=\"Frau im schwarzen Auto, die mit High Heels die Beine aus dem Fenster streckt, im Hintergrund Graffiti an einer Betonwand\" class=\"wp-image-4298\" srcset=\"https:\/\/alexanderkonopka.de\/blog\/wp-content\/uploads\/Jessica_Hild_0241-ps-400x400.webp 400w, https:\/\/alexanderkonopka.de\/blog\/wp-content\/uploads\/Jessica_Hild_0241-ps-500x500.webp 500w, https:\/\/alexanderkonopka.de\/blog\/wp-content\/uploads\/Jessica_Hild_0241-ps-150x150.webp 150w, https:\/\/alexanderkonopka.de\/blog\/wp-content\/uploads\/Jessica_Hild_0241-ps-300x300.webp 300w, https:\/\/alexanderkonopka.de\/blog\/wp-content\/uploads\/Jessica_Hild_0241-ps-200x200.webp 200w, https:\/\/alexanderkonopka.de\/blog\/wp-content\/uploads\/Jessica_Hild_0241-ps-700x700.webp 700w, https:\/\/alexanderkonopka.de\/blog\/wp-content\/uploads\/Jessica_Hild_0241-ps.webp 1080w\" sizes=\"auto, (max-width: 400px) 100vw, 400px\" \/><\/a><\/figure>\n\n\n\n<figure class=\"wp-block-image size-bild_400\"><a href=\"https:\/\/alexanderkonopka.de\/blog\/wp-content\/uploads\/Auto_Kuba_am_Strand.webp\"><img loading=\"lazy\" decoding=\"async\" width=\"400\" height=\"400\" data-id=\"4243\" src=\"https:\/\/alexanderkonopka.de\/blog\/wp-content\/uploads\/Auto_Kuba_am_Strand-400x400.webp\" alt=\"Zweifarbiger Oldtimer-Dodge-Cabrio mit roter Motorhaube und wei\u00dfem Unterteil, geparkt vor Palmen an einer K\u00fcstenstra\u00dfe in Havanna\" class=\"wp-image-4243\" srcset=\"https:\/\/alexanderkonopka.de\/blog\/wp-content\/uploads\/Auto_Kuba_am_Strand-400x400.webp 400w, https:\/\/alexanderkonopka.de\/blog\/wp-content\/uploads\/Auto_Kuba_am_Strand-500x500.webp 500w, https:\/\/alexanderkonopka.de\/blog\/wp-content\/uploads\/Auto_Kuba_am_Strand-150x150.webp 150w, https:\/\/alexanderkonopka.de\/blog\/wp-content\/uploads\/Auto_Kuba_am_Strand-300x300.webp 300w, https:\/\/alexanderkonopka.de\/blog\/wp-content\/uploads\/Auto_Kuba_am_Strand-200x200.webp 200w, https:\/\/alexanderkonopka.de\/blog\/wp-content\/uploads\/Auto_Kuba_am_Strand-700x700.webp 700w, https:\/\/alexanderkonopka.de\/blog\/wp-content\/uploads\/Auto_Kuba_am_Strand.webp 1200w\" sizes=\"auto, (max-width: 400px) 100vw, 400px\" \/><\/a><\/figure>\n\n\n\n<figure class=\"wp-block-image size-bild_400\"><a href=\"https:\/\/alexanderkonopka.de\/blog\/wp-content\/uploads\/Porsche_Cayman_vor_Holzlager.webp\"><img loading=\"lazy\" decoding=\"async\" width=\"400\" height=\"400\" data-id=\"847\" src=\"https:\/\/alexanderkonopka.de\/blog\/wp-content\/uploads\/Porsche_Cayman_vor_Holzlager-400x400.webp\" alt=\"Schwarzer Porsche Cayman 981 S, fotografiert aus niedriger Perspektive, Front im Fokus, im Hintergrund unscharfe Holzstapel\" class=\"wp-image-847\" srcset=\"https:\/\/alexanderkonopka.de\/blog\/wp-content\/uploads\/Porsche_Cayman_vor_Holzlager-400x400.webp 400w, https:\/\/alexanderkonopka.de\/blog\/wp-content\/uploads\/Porsche_Cayman_vor_Holzlager-500x500.webp 500w, https:\/\/alexanderkonopka.de\/blog\/wp-content\/uploads\/Porsche_Cayman_vor_Holzlager-150x150.webp 150w, https:\/\/alexanderkonopka.de\/blog\/wp-content\/uploads\/Porsche_Cayman_vor_Holzlager-200x200.webp 200w, https:\/\/alexanderkonopka.de\/blog\/wp-content\/uploads\/Porsche_Cayman_vor_Holzlager-300x300.webp 300w, https:\/\/alexanderkonopka.de\/blog\/wp-content\/uploads\/Porsche_Cayman_vor_Holzlager-700x700.webp 700w\" sizes=\"auto, (max-width: 400px) 100vw, 400px\" \/><\/a><\/figure>\n\n\n\n<figure class=\"wp-block-image size-bild_400\"><a href=\"https:\/\/alexanderkonopka.de\/blog\/wp-content\/uploads\/Chevrolet_Pick_Up.webp\"><img loading=\"lazy\" decoding=\"async\" width=\"400\" height=\"400\" data-id=\"3979\" src=\"https:\/\/alexanderkonopka.de\/blog\/wp-content\/uploads\/Chevrolet_Pick_Up-400x400.webp\" alt=\"Alter Chevrolet-Pick-up mit sichtbarem Rost und gro\u00dfen Offroad-Reifen auf asphaltierter Fl\u00e4che vor Drahtgitterzaun\" class=\"wp-image-3979\" srcset=\"https:\/\/alexanderkonopka.de\/blog\/wp-content\/uploads\/Chevrolet_Pick_Up-400x400.webp 400w, https:\/\/alexanderkonopka.de\/blog\/wp-content\/uploads\/Chevrolet_Pick_Up-500x500.webp 500w, https:\/\/alexanderkonopka.de\/blog\/wp-content\/uploads\/Chevrolet_Pick_Up-150x150.webp 150w, https:\/\/alexanderkonopka.de\/blog\/wp-content\/uploads\/Chevrolet_Pick_Up-200x200.webp 200w, https:\/\/alexanderkonopka.de\/blog\/wp-content\/uploads\/Chevrolet_Pick_Up-300x300.webp 300w, https:\/\/alexanderkonopka.de\/blog\/wp-content\/uploads\/Chevrolet_Pick_Up-700x700.webp 700w\" sizes=\"auto, (max-width: 400px) 100vw, 400px\" \/><\/a><\/figure>\n\n\n\n<figure class=\"wp-block-image size-bild_400\"><a href=\"https:\/\/alexanderkonopka.de\/blog\/wp-content\/uploads\/Indian_Scout.webp\"><img loading=\"lazy\" decoding=\"async\" width=\"400\" height=\"400\" data-id=\"3983\" src=\"https:\/\/alexanderkonopka.de\/blog\/wp-content\/uploads\/Indian_Scout-400x400.webp\" alt=\"Rote Indian Scout als Nahaufnahme, klassisches Motorrad mit Ledersattel und verchromten Details vor weiteren Oldtimern\" class=\"wp-image-3983\" srcset=\"https:\/\/alexanderkonopka.de\/blog\/wp-content\/uploads\/Indian_Scout-400x400.webp 400w, https:\/\/alexanderkonopka.de\/blog\/wp-content\/uploads\/Indian_Scout-500x500.webp 500w, https:\/\/alexanderkonopka.de\/blog\/wp-content\/uploads\/Indian_Scout-150x150.webp 150w, https:\/\/alexanderkonopka.de\/blog\/wp-content\/uploads\/Indian_Scout-200x200.webp 200w, https:\/\/alexanderkonopka.de\/blog\/wp-content\/uploads\/Indian_Scout-300x300.webp 300w, https:\/\/alexanderkonopka.de\/blog\/wp-content\/uploads\/Indian_Scout-700x700.webp 700w\" sizes=\"auto, (max-width: 400px) 100vw, 400px\" \/><\/a><\/figure>\n\n\n\n<figure class=\"wp-block-image size-bild_400\"><a href=\"https:\/\/alexanderkonopka.de\/blog\/wp-content\/uploads\/Corvette_Stingray.webp\"><img loading=\"lazy\" decoding=\"async\" width=\"400\" height=\"400\" data-id=\"3982\" src=\"https:\/\/alexanderkonopka.de\/blog\/wp-content\/uploads\/Corvette_Stingray-400x400.webp\" alt=\"Nahaufnahme der linken Seite einer roten Corvette Stingray mit Chromfelge auf Kopfsteinpflaster\" class=\"wp-image-3982\" srcset=\"https:\/\/alexanderkonopka.de\/blog\/wp-content\/uploads\/Corvette_Stingray-400x400.webp 400w, https:\/\/alexanderkonopka.de\/blog\/wp-content\/uploads\/Corvette_Stingray-500x500.webp 500w, https:\/\/alexanderkonopka.de\/blog\/wp-content\/uploads\/Corvette_Stingray-150x150.webp 150w, https:\/\/alexanderkonopka.de\/blog\/wp-content\/uploads\/Corvette_Stingray-200x200.webp 200w, https:\/\/alexanderkonopka.de\/blog\/wp-content\/uploads\/Corvette_Stingray-300x300.webp 300w, https:\/\/alexanderkonopka.de\/blog\/wp-content\/uploads\/Corvette_Stingray-700x700.webp 700w\" sizes=\"auto, (max-width: 400px) 100vw, 400px\" \/><\/a><\/figure>\n\n\n\n<figure class=\"wp-block-image size-bild_400\"><a href=\"https:\/\/alexanderkonopka.de\/blog\/wp-content\/uploads\/Mercedes_CLA.webp\"><img loading=\"lazy\" decoding=\"async\" width=\"400\" height=\"400\" data-id=\"3985\" src=\"https:\/\/alexanderkonopka.de\/blog\/wp-content\/uploads\/Mercedes_CLA-400x400.webp\" alt=\"Silberner Mercedes CLA auf Kopfsteinpflaster bei Nacht, Autofotografie mit beleuchteter Fahrzeugfront\" class=\"wp-image-3985\" srcset=\"https:\/\/alexanderkonopka.de\/blog\/wp-content\/uploads\/Mercedes_CLA-400x400.webp 400w, https:\/\/alexanderkonopka.de\/blog\/wp-content\/uploads\/Mercedes_CLA-500x500.webp 500w, https:\/\/alexanderkonopka.de\/blog\/wp-content\/uploads\/Mercedes_CLA-150x150.webp 150w, https:\/\/alexanderkonopka.de\/blog\/wp-content\/uploads\/Mercedes_CLA-200x200.webp 200w, https:\/\/alexanderkonopka.de\/blog\/wp-content\/uploads\/Mercedes_CLA-300x300.webp 300w, https:\/\/alexanderkonopka.de\/blog\/wp-content\/uploads\/Mercedes_CLA-700x700.webp 700w\" sizes=\"auto, (max-width: 400px) 100vw, 400px\" \/><\/a><\/figure>\n<\/figure>\n\n\n\n<h2 class=\"wp-block-heading\">Von den Stra\u00dfen Kubas bis ins Ruhrgebiet<\/h2>\n\n\n\n<p>Meine Galerie umfasst Arbeiten aus unterschiedlichsten Kontexten. Ein besonderes Highlight sind meine Aufnahmen aus Kuba, wo der morbide Charme historischer US-Cars im kontrastreichen Licht der Karibik eine ganz eigene Geschichte erz\u00e4hlt.<br>Aber auch in ganz NRW realisiere ich regelm\u00e4\u00dfig Auto-Fotoshootings. Dank meines mobilen Blitzsystems bin ich nicht an ein festes Studio gebunden und kann Fahrzeuge direkt an atmosph\u00e4rischen Locations \u2013 ob in der Natur, vor moderner Architektur oder in industriellen Kulissen \u2013 perfekt in Szene setzen.<\/p>\n\n\n\n<h2 class=\"wp-block-heading\">Vielfalt der Fahrzeug-\u00c4sthetik<\/h2>\n\n\n\n<p>Meine fotografische Leidenschaft gilt der gesamten Bandbreite der Fahrzeug-\u00c4sthetik. Dabei habe ich ein besonderes Interesse an Projekten, die den zeitlosen Charme von Oldtimern und Youngtimern einfangen, um die Eleganz vergangener Jahrzehnte f\u00fcr die Ewigkeit zu bewahren. Ebenso fasziniert mich die Welt der Sportwagen und des Tunings, wo es darauf ankommt, Dynamik und rohe Kraft in eine ausdrucksstarke visuelle Sprache zu \u00fcbersetzen. Ein weiterer Schwerpunkt liegt auf US-Cars, deren markantes Design und imposante Pr\u00e4senz als amerikanische Klassiker eine ganz eigene Geschichte erz\u00e4hlen. Doch nicht nur auf vier R\u00e4dern suche ich das perfekte Motiv: Auch Motorr\u00e4der und Custom-Bikes begeistern mich, wobei ich hier besonders die filigrane Zweirad-\u00c4sthetik bis ins kleinste Detail herausarbeite.<\/p>\n\n\n\n<h2 class=\"wp-block-heading\">Kreative Zusammenarbeit bei der Auto-Fotografie auf TFP-Basis<\/h2>\n\n\n\n<p>Da ich die Fotografie als leidenschaftliches Hobby betreibe, arbeite ich prim\u00e4r nach dem <a href=\"https:\/\/alexanderkonopka.de\/blog\/tfp-fotoshooting-nrw\/\" type=\"page\" id=\"4828\">TFP-Prinzip (Time for Pictures)<\/a>. Das bedeutet: Wenn du ein au\u00dfergew\u00f6hnliches Fahrzeug besitzt und Lust auf ein gemeinsames kreatives Projekt hast, investieren wir beide Zeit und Leidenschaft \u2013 und erhalten im Gegenzug hochwertige Aufnahmen f\u00fcr unsere Portfolios.<br>Dabei bin ich im Raum NRW (z. B. Dortmund, Paderborn, Hamm, M\u00fcnster) mobil und offen f\u00fcr spannende Anfragen.<\/p>\n","protected":false},"excerpt":{"rendered":"<p>Fahrzeuge sind weit mehr als nur Fortbewegungsmittel \u2013 sie sind Ausdruck von Charakter, Ingenieurskunst und zeitlosem Design. In meiner Fotografie konzentriere ich mich darauf, die Linienf\u00fchrung, die Details und die Seele besonderer Automobile einzufangen. Ob gl\u00e4nzender Lack unter Studiolicht oder authentische Aufnahmen in urbaner Kulisse: Das Ziel ist immer ein Bild, das die Begeisterung f\u00fcr <a href=\"https:\/\/alexanderkonopka.de\/blog\/galerie-auto\/\" class=\"more-link\">&#8230;<\/a><\/p>\n","protected":false},"author":1,"featured_media":4243,"parent":0,"menu_order":0,"comment_status":"closed","ping_status":"closed","template":"","meta":{"footnotes":""},"class_list":["post-3975","page","type-page","status-publish","has-post-thumbnail","hentry"],"yoast_head":"<!-- This site is optimized with the Yoast SEO plugin v27.3 - https:\/\/yoast.com\/product\/yoast-seo-wordpress\/ -->\n<title>Automobil-Fotografie: Sportwagen, US-Cars, Oldtimer \u2026<\/title>\n<meta name=\"description\" content=\"Auto-Fotoshootings f\u00fcr Sportwagen, US-Cars und Oldtimer. Von authentischer Reisefotografie bis hin zu kreativen TFP-Projekten in NRW.\" \/>\n<meta name=\"robots\" content=\"index, follow, max-snippet:-1, max-image-preview:large, max-video-preview:-1\" \/>\n<link rel=\"canonical\" href=\"https:\/\/alexanderkonopka.de\/blog\/galerie-auto\/\" \/>\n<meta property=\"og:locale\" content=\"de_DE\" \/>\n<meta property=\"og:type\" content=\"article\" \/>\n<meta property=\"og:title\" content=\"Automobil-Fotografie \u2013 Sportwagen, US-Cars &amp; Oldtimer\" \/>\n<meta property=\"og:description\" content=\"Automobil- und Oldtimer-Fotografie von Alexander Konopka \u2013 Sportwagen, US-Cars und Klassiker \u00e4sthetisch in Szene gesetzt.\" \/>\n<meta property=\"og:url\" content=\"https:\/\/alexanderkonopka.de\/blog\/galerie-auto\/\" \/>\n<meta property=\"og:site_name\" content=\"Blog\" \/>\n<meta property=\"article:modified_time\" content=\"2026-03-30T23:15:35+00:00\" \/>\n<meta property=\"og:image\" content=\"https:\/\/alexanderkonopka.de\/blog\/wp-content\/uploads\/Auto_Kuba_am_Strand.webp\" \/>\n\t<meta property=\"og:image:width\" content=\"1200\" \/>\n\t<meta property=\"og:image:height\" content=\"1200\" \/>\n\t<meta property=\"og:image:type\" content=\"image\/webp\" \/>\n<meta name=\"twitter:card\" content=\"summary_large_image\" \/>\n<meta name=\"twitter:label1\" content=\"Gesch\u00e4tzte Lesezeit\" \/>\n\t<meta name=\"twitter:data1\" content=\"5\u00a0Minuten\" \/>\n<script type=\"application\/ld+json\" class=\"yoast-schema-graph\">{\"@context\":\"https:\\\/\\\/schema.org\",\"@graph\":[{\"@type\":[\"WebPage\",\"CollectionPage\"],\"@id\":\"https:\\\/\\\/alexanderkonopka.de\\\/blog\\\/galerie-auto\\\/\",\"url\":\"https:\\\/\\\/alexanderkonopka.de\\\/blog\\\/galerie-auto\\\/\",\"name\":\"Automobil-Fotografie: Sportwagen, US-Cars, Oldtimer \u2026\",\"isPartOf\":{\"@id\":\"https:\\\/\\\/alexanderkonopka.de\\\/blog\\\/#website\"},\"primaryImageOfPage\":{\"@id\":\"https:\\\/\\\/alexanderkonopka.de\\\/blog\\\/galerie-auto\\\/#primaryimage\"},\"image\":{\"@id\":\"https:\\\/\\\/alexanderkonopka.de\\\/blog\\\/galerie-auto\\\/#primaryimage\"},\"thumbnailUrl\":\"https:\\\/\\\/alexanderkonopka.de\\\/blog\\\/wp-content\\\/uploads\\\/Auto_Kuba_am_Strand.webp\",\"datePublished\":\"2024-01-15T11:28:34+00:00\",\"dateModified\":\"2026-03-30T23:15:35+00:00\",\"description\":\"Auto-Fotoshootings f\u00fcr Sportwagen, US-Cars und Oldtimer. Von authentischer Reisefotografie bis hin zu kreativen TFP-Projekten in NRW.\",\"breadcrumb\":{\"@id\":\"https:\\\/\\\/alexanderkonopka.de\\\/blog\\\/galerie-auto\\\/#breadcrumb\"},\"inLanguage\":\"de\"},{\"@type\":\"ImageObject\",\"inLanguage\":\"de\",\"@id\":\"https:\\\/\\\/alexanderkonopka.de\\\/blog\\\/galerie-auto\\\/#primaryimage\",\"url\":\"https:\\\/\\\/alexanderkonopka.de\\\/blog\\\/wp-content\\\/uploads\\\/Auto_Kuba_am_Strand.webp\",\"contentUrl\":\"https:\\\/\\\/alexanderkonopka.de\\\/blog\\\/wp-content\\\/uploads\\\/Auto_Kuba_am_Strand.webp\",\"width\":1200,\"height\":1200,\"caption\":\"Zweifarbiger Oldtimer-Dodge-Cabrio mit roter Motorhaube und wei\u00dfem Unterteil, geparkt vor Palmen an einer K\u00fcstenstra\u00dfe in Havanna\"},{\"@type\":\"BreadcrumbList\",\"@id\":\"https:\\\/\\\/alexanderkonopka.de\\\/blog\\\/galerie-auto\\\/#breadcrumb\",\"itemListElement\":[{\"@type\":\"ListItem\",\"position\":1,\"name\":\"Startseite\",\"item\":\"https:\\\/\\\/alexanderkonopka.de\\\/blog\\\/\"},{\"@type\":\"ListItem\",\"position\":2,\"name\":\"Automobil-Fotografie: Leidenschaft f\u00fcr Design &amp; Technik\"}]},{\"@type\":\"WebSite\",\"@id\":\"https:\\\/\\\/alexanderkonopka.de\\\/blog\\\/#website\",\"url\":\"https:\\\/\\\/alexanderkonopka.de\\\/blog\\\/\",\"name\":\"Alexander Konopka Fotografie\",\"description\":\"\",\"potentialAction\":[{\"@type\":\"SearchAction\",\"target\":{\"@type\":\"EntryPoint\",\"urlTemplate\":\"https:\\\/\\\/alexanderkonopka.de\\\/blog\\\/?s={search_term_string}\"},\"query-input\":{\"@type\":\"PropertyValueSpecification\",\"valueRequired\":true,\"valueName\":\"search_term_string\"}}],\"inLanguage\":\"de\"}]}<\/script>\n<!-- \/ Yoast SEO plugin. -->","yoast_head_json":{"title":"Automobil-Fotografie: Sportwagen, US-Cars, Oldtimer \u2026","description":"Auto-Fotoshootings f\u00fcr Sportwagen, US-Cars und Oldtimer. Von authentischer Reisefotografie bis hin zu kreativen TFP-Projekten in NRW.","robots":{"index":"index","follow":"follow","max-snippet":"max-snippet:-1","max-image-preview":"max-image-preview:large","max-video-preview":"max-video-preview:-1"},"canonical":"https:\/\/alexanderkonopka.de\/blog\/galerie-auto\/","og_locale":"de_DE","og_type":"article","og_title":"Automobil-Fotografie \u2013 Sportwagen, US-Cars & Oldtimer","og_description":"Automobil- und Oldtimer-Fotografie von Alexander Konopka \u2013 Sportwagen, US-Cars und Klassiker \u00e4sthetisch in Szene gesetzt.","og_url":"https:\/\/alexanderkonopka.de\/blog\/galerie-auto\/","og_site_name":"Blog","article_modified_time":"2026-03-30T23:15:35+00:00","og_image":[{"width":1200,"height":1200,"url":"https:\/\/alexanderkonopka.de\/blog\/wp-content\/uploads\/Auto_Kuba_am_Strand.webp","type":"image\/webp"}],"twitter_card":"summary_large_image","twitter_misc":{"Gesch\u00e4tzte Lesezeit":"5\u00a0Minuten"},"schema":{"@context":"https:\/\/schema.org","@graph":[{"@type":["WebPage","CollectionPage"],"@id":"https:\/\/alexanderkonopka.de\/blog\/galerie-auto\/","url":"https:\/\/alexanderkonopka.de\/blog\/galerie-auto\/","name":"Automobil-Fotografie: Sportwagen, US-Cars, Oldtimer \u2026","isPartOf":{"@id":"https:\/\/alexanderkonopka.de\/blog\/#website"},"primaryImageOfPage":{"@id":"https:\/\/alexanderkonopka.de\/blog\/galerie-auto\/#primaryimage"},"image":{"@id":"https:\/\/alexanderkonopka.de\/blog\/galerie-auto\/#primaryimage"},"thumbnailUrl":"https:\/\/alexanderkonopka.de\/blog\/wp-content\/uploads\/Auto_Kuba_am_Strand.webp","datePublished":"2024-01-15T11:28:34+00:00","dateModified":"2026-03-30T23:15:35+00:00","description":"Auto-Fotoshootings f\u00fcr Sportwagen, US-Cars und Oldtimer. Von authentischer Reisefotografie bis hin zu kreativen TFP-Projekten in NRW.","breadcrumb":{"@id":"https:\/\/alexanderkonopka.de\/blog\/galerie-auto\/#breadcrumb"},"inLanguage":"de"},{"@type":"ImageObject","inLanguage":"de","@id":"https:\/\/alexanderkonopka.de\/blog\/galerie-auto\/#primaryimage","url":"https:\/\/alexanderkonopka.de\/blog\/wp-content\/uploads\/Auto_Kuba_am_Strand.webp","contentUrl":"https:\/\/alexanderkonopka.de\/blog\/wp-content\/uploads\/Auto_Kuba_am_Strand.webp","width":1200,"height":1200,"caption":"Zweifarbiger Oldtimer-Dodge-Cabrio mit roter Motorhaube und wei\u00dfem Unterteil, geparkt vor Palmen an einer K\u00fcstenstra\u00dfe in Havanna"},{"@type":"BreadcrumbList","@id":"https:\/\/alexanderkonopka.de\/blog\/galerie-auto\/#breadcrumb","itemListElement":[{"@type":"ListItem","position":1,"name":"Startseite","item":"https:\/\/alexanderkonopka.de\/blog\/"},{"@type":"ListItem","position":2,"name":"Automobil-Fotografie: Leidenschaft f\u00fcr Design &amp; Technik"}]},{"@type":"WebSite","@id":"https:\/\/alexanderkonopka.de\/blog\/#website","url":"https:\/\/alexanderkonopka.de\/blog\/","name":"Alexander Konopka Fotografie","description":"","potentialAction":[{"@type":"SearchAction","target":{"@type":"EntryPoint","urlTemplate":"https:\/\/alexanderkonopka.de\/blog\/?s={search_term_string}"},"query-input":{"@type":"PropertyValueSpecification","valueRequired":true,"valueName":"search_term_string"}}],"inLanguage":"de"}]}},"_links":{"self":[{"href":"https:\/\/alexanderkonopka.de\/blog\/wp-json\/wp\/v2\/pages\/3975","targetHints":{"allow":["GET"]}}],"collection":[{"href":"https:\/\/alexanderkonopka.de\/blog\/wp-json\/wp\/v2\/pages"}],"about":[{"href":"https:\/\/alexanderkonopka.de\/blog\/wp-json\/wp\/v2\/types\/page"}],"author":[{"embeddable":true,"href":"https:\/\/alexanderkonopka.de\/blog\/wp-json\/wp\/v2\/users\/1"}],"replies":[{"embeddable":true,"href":"https:\/\/alexanderkonopka.de\/blog\/wp-json\/wp\/v2\/comments?post=3975"}],"version-history":[{"count":21,"href":"https:\/\/alexanderkonopka.de\/blog\/wp-json\/wp\/v2\/pages\/3975\/revisions"}],"predecessor-version":[{"id":7250,"href":"https:\/\/alexanderkonopka.de\/blog\/wp-json\/wp\/v2\/pages\/3975\/revisions\/7250"}],"wp:featuredmedia":[{"embeddable":true,"href":"https:\/\/alexanderkonopka.de\/blog\/wp-json\/wp\/v2\/media\/4243"}],"wp:attachment":[{"href":"https:\/\/alexanderkonopka.de\/blog\/wp-json\/wp\/v2\/media?parent=3975"}],"curies":[{"name":"wp","href":"https:\/\/api.w.org\/{rel}","templated":true}]}}